{"id":187,"date":"2024-05-14T19:57:37","date_gmt":"2024-05-14T16:57:37","guid":{"rendered":"https:\/\/www.oburus.com\/bites\/?page_id=187"},"modified":"2024-06-06T20:10:59","modified_gmt":"2024-06-06T17:10:59","slug":"hikayemiz","status":"publish","type":"page","link":"https:\/\/www.oburus.com\/bites\/tr\/hikayemiz\/","title":{"rendered":"Hikayemiz"},"content":{"rendered":"\n<p>2016&#8217;da iki ki\u015fiyle ba\u015flayan bu yolculuk, y\u0131llar i\u00e7erisinde dostlar\u0131n\u0131n ve \u00e7al\u0131\u015fma arkada\u015flar\u0131n\u0131n deste\u011fi ile b\u00fcy\u00fcd\u00fc, de\u011fi\u015fti, d\u00f6n\u00fc\u015ft\u00fc. Bug\u00fcn Oburus 60 ki\u015filik bir ekiple farkl\u0131 noktalarda hizmet veren bir restoran haline geldi.<\/p>\n\n\n\n<p>D\u00fcnya mutfa\u011f\u0131ndan lezzetli tarifleri bir araya getirip, kendi dokunu\u015fumuzu ekleyerek lezzetli ve e\u011flenceli yemeklerle vejetaryenli\u011fi ileriye ta\u015f\u0131may\u0131 hedefledik.&nbsp;<\/p>\n\n\n\n<p>M\u00fc\u015fteri deneyimini sadece yemekle s\u0131n\u0131rl\u0131 olmaktan \u00e7\u0131kar\u0131p s\u0131cak, konforlu ve dostane bir ortam yaratmaya b\u00fcy\u00fck \u00f6nem verdik.&nbsp;<\/p>\n\n\n\n<p>Ayr\u0131ca, bulundu\u011fumuz kasaban\u0131n sakinleri, \u00e7al\u0131\u015fanlar\u0131 ve i\u015fletmeleri i\u00e7in s\u00fcrd\u00fcr\u00fclebilir ve adil bir duru\u015f sergilemeye \u00f6zen g\u00f6steriyoruz.&nbsp;<\/p>\n\n\n\n<p>Doyurucu yemekler, samimi atmosfer, misafirperverlik, rahatl\u0131k ve adil fiyat politikas\u0131yla kalpleri doyuran bir deneyim ya\u015faman\u0131z\u0131 diliyoruz.&nbsp;<\/p>\n\n\n\n<p>Sizler de her zaman yan\u0131m\u0131zda olarak bu tutkumuzun kar\u015f\u0131l\u0131ks\u0131z olmad\u0131\u011f\u0131n\u0131 hissettiriyorsunuz.\u00a0<\/p>\n\n\n\n<p>Oburus Bites, Ka\u015f merkezde yer alan, rezervasyona ihtiyac\u0131n\u0131z olmadan t\u00fcm g\u00fcn rahat\u00e7a tak\u0131labilece\u011finiz, at\u0131\u015ft\u0131rmal\u0131klar\u0131n ve ana yemeklerin d\u0131\u015f\u0131nda bolca tatl\u0131 se\u00e7ene\u011finin ve g\u00fczel kahvenin yer ald\u0131\u011f\u0131, keyifle \u00e7al\u0131\u015fman\u0131za ya da kendi at\u00f6lyenizi d\u00fczenlemenize olanak sa\u011flayan kocaman bir masaya ve bah\u00e7eye sahip bir eatery &amp; social hub.<\/p>\n\n\n\n<p>Te\u015fekk\u00fcrler,&nbsp;<\/p>\n\n\n\n<p>Oburus Ailesi.<\/p>\n","protected":false},"excerpt":{"rendered":"<p>2016&#8217;da iki ki\u015fiyle ba\u015flayan bu yolculuk, y\u0131llar i\u00e7erisinde dostlar\u0131n\u0131n ve \u00e7al\u0131\u015fma arkada\u015flar\u0131n\u0131n deste\u011fi ile b\u00fcy\u00fcd\u00fc, de\u011fi\u015fti, d\u00f6n\u00fc\u015ft\u00fc. Bug\u00fcn Oburus 60 ki\u015filik bir ekiple farkl\u0131 noktalarda hizmet veren bir restoran haline geldi. D\u00fcnya mutfa\u011f\u0131ndan lezzetli tarifleri bir araya getirip, kendi dokunu\u015fumuzu ekleyerek lezzetli ve e\u011flenceli yemeklerle vejetaryenli\u011fi ileriye ta\u015f\u0131may\u0131 hedefledik.&nbsp; M\u00fc\u015fteri deneyimini sadece yemekle s\u0131n\u0131rl\u0131 olmaktan [&hellip;]<\/p>\n","protected":false},"author":1,"featured_media":0,"parent":0,"menu_order":0,"comment_status":"closed","ping_status":"closed","template":"","meta":{"footnotes":""},"class_list":["post-187","page","type-page","status-publish","hentry"],"_links":{"self":[{"href":"https:\/\/www.oburus.com\/bites\/tr\/wp-json\/wp\/v2\/pages\/187","targetHints":{"allow":["GET"]}}],"collection":[{"href":"https:\/\/www.oburus.com\/bites\/tr\/wp-json\/wp\/v2\/pages"}],"about":[{"href":"https:\/\/www.oburus.com\/bites\/tr\/wp-json\/wp\/v2\/types\/page"}],"author":[{"embeddable":true,"href":"https:\/\/www.oburus.com\/bites\/tr\/wp-json\/wp\/v2\/users\/1"}],"replies":[{"embeddable":true,"href":"https:\/\/www.oburus.com\/bites\/tr\/wp-json\/wp\/v2\/comments?post=187"}],"version-history":[{"count":3,"href":"https:\/\/www.oburus.com\/bites\/tr\/wp-json\/wp\/v2\/pages\/187\/revisions"}],"predecessor-version":[{"id":289,"href":"https:\/\/www.oburus.com\/bites\/tr\/wp-json\/wp\/v2\/pages\/187\/revisions\/289"}],"wp:attachment":[{"href":"https:\/\/www.oburus.com\/bites\/tr\/wp-json\/wp\/v2\/media?parent=187"}],"curies":[{"name":"wp","href":"https:\/\/api.w.org\/{rel}","templated":true}]}}